{"id":408,"date":"2023-11-09T12:12:11","date_gmt":"2023-11-09T11:12:11","guid":{"rendered":"https:\/\/www.psicoempatia.com\/qui-soc\/"},"modified":"2023-11-23T09:29:48","modified_gmt":"2023-11-23T08:29:48","slug":"qui-soc","status":"publish","type":"page","link":"https:\/\/www.psicoempatia.com\/ca\/qui-soc\/","title":{"rendered":"Qui s\u00f3c"},"content":{"rendered":"\t\t<div data-elementor-type=\"wp-page\" data-elementor-id=\"408\" class=\"elementor elementor-408 elementor-171\">\n\t\t\t\t\t\t\t<div class=\"elementor-element elementor-element-245898d e-flex e-con-boxed e-con e-parent\" data-id=\"245898d\" data-element_type=\"container\" data-settings=\"{&quot;content_width&quot;:&quot;boxed&quot;}\" data-core-v316-plus=\"true\">\n\t\t\t\t\t<div class=\"e-con-inner\">\n\t\t<div class=\"elementor-element elementor-element-ed5c969 e-flex e-con-boxed e-con e-child\" data-id=\"ed5c969\" data-element_type=\"container\" data-settings=\"{&quot;content_width&quot;:&quot;boxed&quot;}\">\n\t\t\t\t\t<div class=\"e-con-inner\">\n\t\t\t\t<div class=\"elementor-element elementor-element-25c3c5d font-type-2 elementor-widget elementor-widget-heading\" data-id=\"25c3c5d\" data-element_type=\"widget\" data-widget_type=\"heading.default\">\n\t\t\t\t<div class=\"elementor-widget-container\">\n\t\t\t<style>\/*! elementor - v3.18.0 - 20-12-2023 *\/\n.elementor-heading-title{padding:0;margin:0;line-height:1}.elementor-widget-heading .elementor-heading-title[class*=elementor-size-]>a{color:inherit;font-size:inherit;line-height:inherit}.elementor-widget-heading .elementor-heading-title.elementor-size-small{font-size:15px}.elementor-widget-heading .elementor-heading-title.elementor-size-medium{font-size:19px}.elementor-widget-heading .elementor-heading-title.elementor-size-large{font-size:29px}.elementor-widget-heading .elementor-heading-title.elementor-size-xl{font-size:39px}.elementor-widget-heading .elementor-heading-title.elementor-size-xxl{font-size:59px}<\/style><h2 class=\"elementor-heading-title elementor-size-default\">Laura Sala<\/h2>\t\t<\/div>\n\t\t\t\t<\/div>\n\t\t\t\t<div class=\"elementor-element elementor-element-1ba8a9a elementor-widget elementor-widget-heading\" data-id=\"1ba8a9a\" data-element_type=\"widget\" data-widget_type=\"heading.default\">\n\t\t\t\t<div class=\"elementor-widget-container\">\n\t\t\t<p class=\"elementor-heading-title elementor-size-default\">Psicoempatia \u00e9s un centre de psicoter\u00e0pia i assessorament, en el que jo personalment, m'encarrego de la seva gesti\u00f3 i funcionament, gr\u00e0cies a les titulacions de psic\u00f2loga cl\u00ednica, especialista en psicoter\u00e0pia i ter\u00e0pies naturals.<\/p>\t\t<\/div>\n\t\t\t\t<\/div>\n\t\t\t\t<div class=\"elementor-element elementor-element-574cc4d elementor-widget elementor-widget-text-editor\" data-id=\"574cc4d\" data-element_type=\"widget\" data-widget_type=\"text-editor.default\">\n\t\t\t\t<div class=\"elementor-widget-container\">\n\t\t\t<style>\/*! elementor - v3.18.0 - 20-12-2023 *\/\n.elementor-widget-text-editor.elementor-drop-cap-view-stacked .elementor-drop-cap{background-color:#69727d;color:#fff}.elementor-widget-text-editor.elementor-drop-cap-view-framed .elementor-drop-cap{color:#69727d;border:3px solid;background-color:transparent}.elementor-widget-text-editor:not(.elementor-drop-cap-view-default) .elementor-drop-cap{margin-top:8px}.elementor-widget-text-editor:not(.elementor-drop-cap-view-default) .elementor-drop-cap-letter{width:1em;height:1em}.elementor-widget-text-editor .elementor-drop-cap{float:left;text-align:center;line-height:1;font-size:50px}.elementor-widget-text-editor .elementor-drop-cap-letter{display:inline-block}<\/style>\t\t\t\t<p>Terrassa, 1976. Crec en el treball de l&#8217;individu des de l&#8217;interior fins a l&#8217;interior.<\/p>\n<p>La meva passi\u00f3 per les persones, aix\u00ed com la curiositat per con\u00e8ixer i comprendre el comportament hum\u00e0 pel que fa a les dificultats que hem d&#8217;afrontar tots, a lo llarg del nostre cam\u00ed, va ser la principal motivaci\u00f3 per estudiar psicologia. Vaig cursar els meus estudis a Fran\u00e7a, concretament a l&#8217;Ecole de Psychologues Praiticiens, homologada per la Universitat de Par\u00eds. Vaig continuar investigant i buscant noves formacions, aix\u00ed doncs, vaig acabar tamb\u00e9 formant-me en Psicologia de l&#8217;esport.<\/p>\n<p>Vaig aprendre, que <strong>l&#8217;\u00e9sser hum\u00e0 \u00e9s cos, ment i emoci\u00f3<\/strong>i que com a tal requereix actitud, metes i motivaci\u00f3 per tal de viure una vida plena. Va ser llavors quan em vaig especialitzar en t\u00e8cniques de desenvolupament personal, ter\u00e0pia breu, hipnosis, assessorament i PNL.<\/p>\n<p>La riquesa d&#8217;un psic\u00f2leg es conrea a trav\u00e9s de <strong>l&#8217;experiencia, la formaci\u00f3 constant, i l&#8217;estudi de noves t\u00e8cniques<\/strong>amb el fi d&#8217;obtenir els recursos necessaris per poder arribar m\u00e9s lluny en cada pacient.<\/p>\n<p>Durant els meus anys d&#8217;experi\u00e8ncia he descobert que en moltes ocasions, \u00fanicament treballem la ment i l&#8217;emoci\u00f3 no era suficient per la sanaci\u00f3 de la persona. Les persones anem m\u00e9s enll\u00e0 del nostre pensament i de les nostres emocions, tamb\u00e9 som cos i energia. I com a tal, vaig tenir la necessitat d&#8217;estudiar altres disciplines com per exemple la gemmoter\u00e0pia, kinesiolog\u00eda o el reiki. Per poder tenir una visi\u00f3 hol\u00edstica de la persona i ajudar-la millor.<\/p>\n<p>Des de l&#8217;any 2008 dirigeixo Psicoempatia, centre de Psicologia, Assessorament i ter\u00e0pies Naturals. La meva missi\u00f3 \u00e9s ajudar les persones a Retrobar-se, que coneguin els seus propis recursos i aix\u00ed poder realitzar els canvis necessaris per arribar a l&#8217;equilibri i la pau, respectant sempre el que cada un d&#8217;ells necessita en cada moment, ja que treballar amb l&#8217;individu \u00e9s un art.<\/p>\n\t\t\t\t\t\t<\/div>\n\t\t\t\t<\/div>\n\t\t\t\t\t<\/div>\n\t\t\t\t<\/div>\n\t\t<div class=\"elementor-element elementor-element-6c197e4 e-flex e-con-boxed e-con e-child\" data-id=\"6c197e4\" data-element_type=\"container\" data-settings=\"{&quot;content_width&quot;:&quot;boxed&quot;}\">\n\t\t\t\t\t<div class=\"e-con-inner\">\n\t\t\t\t<div class=\"elementor-element elementor-element-bcd5a05 elementor-widget elementor-widget-image\" data-id=\"bcd5a05\" data-element_type=\"widget\" data-widget_type=\"image.default\">\n\t\t\t\t<div class=\"elementor-widget-container\">\n\t\t\t<style>\/*! elementor - v3.18.0 - 20-12-2023 *\/\n.elementor-widget-image{text-align:center}.elementor-widget-image a{display:inline-block}.elementor-widget-image a img[src$=\".svg\"]{width:48px}.elementor-widget-image img{vertical-align:middle;display:inline-block}<\/style>\t\t\t\t\t\t\t\t\t\t\t\t<img fetchpriority=\"high\" decoding=\"async\" width=\"696\" height=\"1024\" src=\"https:\/\/www.psicoempatia.com\/app\/uploads\/2023\/11\/psicoempatia-quiensoy-laura-sala-696x1024.jpg\" class=\"attachment-large size-large wp-image-174\" alt=\"\" srcset=\"https:\/\/www.psicoempatia.com\/app\/uploads\/2023\/11\/psicoempatia-quiensoy-laura-sala-696x1024.jpg 696w, https:\/\/www.psicoempatia.com\/app\/uploads\/2023\/11\/psicoempatia-quiensoy-laura-sala-204x300.jpg 204w, https:\/\/www.psicoempatia.com\/app\/uploads\/2023\/11\/psicoempatia-quiensoy-laura-sala-768x1130.jpg 768w, https:\/\/www.psicoempatia.com\/app\/uploads\/2023\/11\/psicoempatia-quiensoy-laura-sala.jpg 852w\" sizes=\"(max-width: 696px) 100vw, 696px\" \/>\t\t\t\t\t\t\t\t\t\t\t\t\t\t\t<\/div>\n\t\t\t\t<\/div>\n\t\t\t\t\t<\/div>\n\t\t\t\t<\/div>\n\t\t\t\t\t<\/div>\n\t\t\t\t<\/div>\n\t\t\t\t\t\t\t<\/div>\n\t\t","protected":false},"excerpt":{"rendered":"<p>Laura Sala Psicoempatia \u00e9s un centre de psicoter\u00e0pia i assessorament, en el que jo personalment, m&#8217;encarrego de la seva gesti\u00f3 i funcionament, gr\u00e0cies a les titulacions de psic\u00f2loga cl\u00ednica, especialista&#8230;<\/p>\n","protected":false},"author":1,"featured_media":485,"parent":0,"menu_order":0,"comment_status":"closed","ping_status":"closed","template":"","meta":{"inline_featured_image":false,"footnotes":""},"class_list":["post-408","page","type-page","status-publish","has-post-thumbnail","hentry"],"acf":[],"yoast_head":"<!-- This site is optimized with the Yoast SEO plugin v21.6 - https:\/\/yoast.com\/wordpress\/plugins\/seo\/ -->\n<title>Qui s\u00f3c - Psicoempatia<\/title>\n<meta name=\"robots\" content=\"index, follow, max-snippet:-1, max-image-preview:large, max-video-preview:-1\" \/>\n<link rel=\"canonical\" href=\"https:\/\/www.psicoempatia.com\/ca\/qui-soc\/\" \/>\n<meta property=\"og:locale\" content=\"ca_ES\" \/>\n<meta property=\"og:type\" content=\"article\" \/>\n<meta property=\"og:title\" content=\"Qui s\u00f3c - Psicoempatia\" \/>\n<meta property=\"og:description\" content=\"Laura Sala Psicoempatia \u00e9s un centre de psicoter\u00e0pia i assessorament, en el que jo personalment, m&#8217;encarrego de la seva gesti\u00f3 i funcionament, gr\u00e0cies a les titulacions de psic\u00f2loga cl\u00ednica, especialista...\" \/>\n<meta property=\"og:url\" content=\"https:\/\/www.psicoempatia.com\/ca\/qui-soc\/\" \/>\n<meta property=\"og:site_name\" content=\"Psicoempatia\" \/>\n<meta property=\"article:modified_time\" content=\"2023-11-23T08:29:48+00:00\" \/>\n<meta property=\"og:image\" content=\"https:\/\/www.psicoempatia.com\/app\/uploads\/2023\/11\/psicoempatia-quiensoy.jpg\" \/>\n\t<meta property=\"og:image:width\" content=\"2100\" \/>\n\t<meta property=\"og:image:height\" content=\"501\" \/>\n\t<meta property=\"og:image:type\" content=\"image\/jpeg\" \/>\n<meta name=\"twitter:card\" content=\"summary_large_image\" \/>\n<meta name=\"twitter:label1\" content=\"Temps estimat de lectura\" \/>\n\t<meta name=\"twitter:data1\" content=\"2 minuts\" \/>\n<script type=\"application\/ld+json\" class=\"yoast-schema-graph\">{\"@context\":\"https:\/\/schema.org\",\"@graph\":[{\"@type\":\"WebPage\",\"@id\":\"https:\/\/www.psicoempatia.com\/ca\/qui-soc\/\",\"url\":\"https:\/\/www.psicoempatia.com\/ca\/qui-soc\/\",\"name\":\"Qui s\u00f3c - Psicoempatia\",\"isPartOf\":{\"@id\":\"https:\/\/www.psicoempatia.com\/ca\/#website\"},\"datePublished\":\"2023-11-09T11:12:11+00:00\",\"dateModified\":\"2023-11-23T08:29:48+00:00\",\"inLanguage\":\"ca\",\"potentialAction\":[{\"@type\":\"ReadAction\",\"target\":[\"https:\/\/www.psicoempatia.com\/ca\/qui-soc\/\"]}]},{\"@type\":\"WebSite\",\"@id\":\"https:\/\/www.psicoempatia.com\/ca\/#website\",\"url\":\"https:\/\/www.psicoempatia.com\/ca\/\",\"name\":\"Psicoempatia\",\"description\":\"\",\"potentialAction\":[{\"@type\":\"SearchAction\",\"target\":{\"@type\":\"EntryPoint\",\"urlTemplate\":\"https:\/\/www.psicoempatia.com\/ca\/?s={search_term_string}\"},\"query-input\":\"required name=search_term_string\"}],\"inLanguage\":\"ca\"}]}<\/script>\n<!-- \/ Yoast SEO plugin. -->","yoast_head_json":{"title":"Qui s\u00f3c - Psicoempatia","robots":{"index":"index","follow":"follow","max-snippet":"max-snippet:-1","max-image-preview":"max-image-preview:large","max-video-preview":"max-video-preview:-1"},"canonical":"https:\/\/www.psicoempatia.com\/ca\/qui-soc\/","og_locale":"ca_ES","og_type":"article","og_title":"Qui s\u00f3c - Psicoempatia","og_description":"Laura Sala Psicoempatia \u00e9s un centre de psicoter\u00e0pia i assessorament, en el que jo personalment, m&#8217;encarrego de la seva gesti\u00f3 i funcionament, gr\u00e0cies a les titulacions de psic\u00f2loga cl\u00ednica, especialista...","og_url":"https:\/\/www.psicoempatia.com\/ca\/qui-soc\/","og_site_name":"Psicoempatia","article_modified_time":"2023-11-23T08:29:48+00:00","og_image":[{"width":2100,"height":501,"url":"https:\/\/www.psicoempatia.com\/app\/uploads\/2023\/11\/psicoempatia-quiensoy.jpg","type":"image\/jpeg"}],"twitter_card":"summary_large_image","twitter_misc":{"Temps estimat de lectura":"2 minuts"},"schema":{"@context":"https:\/\/schema.org","@graph":[{"@type":"WebPage","@id":"https:\/\/www.psicoempatia.com\/ca\/qui-soc\/","url":"https:\/\/www.psicoempatia.com\/ca\/qui-soc\/","name":"Qui s\u00f3c - Psicoempatia","isPartOf":{"@id":"https:\/\/www.psicoempatia.com\/ca\/#website"},"datePublished":"2023-11-09T11:12:11+00:00","dateModified":"2023-11-23T08:29:48+00:00","inLanguage":"ca","potentialAction":[{"@type":"ReadAction","target":["https:\/\/www.psicoempatia.com\/ca\/qui-soc\/"]}]},{"@type":"WebSite","@id":"https:\/\/www.psicoempatia.com\/ca\/#website","url":"https:\/\/www.psicoempatia.com\/ca\/","name":"Psicoempatia","description":"","potentialAction":[{"@type":"SearchAction","target":{"@type":"EntryPoint","urlTemplate":"https:\/\/www.psicoempatia.com\/ca\/?s={search_term_string}"},"query-input":"required name=search_term_string"}],"inLanguage":"ca"}]}},"_links":{"self":[{"href":"https:\/\/www.psicoempatia.com\/ca\/wp-json\/wp\/v2\/pages\/408","targetHints":{"allow":["GET"]}}],"collection":[{"href":"https:\/\/www.psicoempatia.com\/ca\/wp-json\/wp\/v2\/pages"}],"about":[{"href":"https:\/\/www.psicoempatia.com\/ca\/wp-json\/wp\/v2\/types\/page"}],"author":[{"embeddable":true,"href":"https:\/\/www.psicoempatia.com\/ca\/wp-json\/wp\/v2\/users\/1"}],"replies":[{"embeddable":true,"href":"https:\/\/www.psicoempatia.com\/ca\/wp-json\/wp\/v2\/comments?post=408"}],"version-history":[{"count":1,"href":"https:\/\/www.psicoempatia.com\/ca\/wp-json\/wp\/v2\/pages\/408\/revisions"}],"predecessor-version":[{"id":409,"href":"https:\/\/www.psicoempatia.com\/ca\/wp-json\/wp\/v2\/pages\/408\/revisions\/409"}],"wp:featuredmedia":[{"embeddable":true,"href":"https:\/\/www.psicoempatia.com\/ca\/wp-json\/wp\/v2\/media\/485"}],"wp:attachment":[{"href":"https:\/\/www.psicoempatia.com\/ca\/wp-json\/wp\/v2\/media?parent=408"}],"curies":[{"name":"wp","href":"https:\/\/api.w.org\/{rel}","templated":true}]}}