{"id":504,"date":"2024-02-05T11:06:33","date_gmt":"2024-02-05T10:06:33","guid":{"rendered":"https:\/\/www.psicoempatia.com\/?page_id=504"},"modified":"2024-02-05T11:39:06","modified_gmt":"2024-02-05T10:39:06","slug":"terapies-alternatives-i-sensorials-2","status":"publish","type":"page","link":"https:\/\/www.psicoempatia.com\/ca\/serveis\/terapies-alternatives-i-sensorials-2\/","title":{"rendered":"Flors de Bach"},"content":{"rendered":"\t\t<div data-elementor-type=\"wp-page\" data-elementor-id=\"504\" class=\"elementor elementor-504 elementor-503\">\n\t\t\t\t\t\t\t<div class=\"elementor-element elementor-element-84586a2 e-flex e-con-boxed e-con e-parent\" data-id=\"84586a2\" data-element_type=\"container\" data-settings=\"{&quot;content_width&quot;:&quot;boxed&quot;}\" data-core-v316-plus=\"true\">\n\t\t\t\t\t<div class=\"e-con-inner\">\n\t\t<div class=\"elementor-element elementor-element-ced8f50 e-flex e-con-boxed e-con e-child\" data-id=\"ced8f50\" data-element_type=\"container\" data-settings=\"{&quot;content_width&quot;:&quot;boxed&quot;}\">\n\t\t\t\t\t<div class=\"e-con-inner\">\n\t\t\t\t<div class=\"elementor-element elementor-element-37e406f elementor-widget elementor-widget-image\" data-id=\"37e406f\" data-element_type=\"widget\" data-widget_type=\"image.default\">\n\t\t\t\t<div class=\"elementor-widget-container\">\n\t\t\t<style>\/*! elementor - v3.18.0 - 20-12-2023 *\/\n.elementor-widget-image{text-align:center}.elementor-widget-image a{display:inline-block}.elementor-widget-image a img[src$=\".svg\"]{width:48px}.elementor-widget-image img{vertical-align:middle;display:inline-block}<\/style>\t\t\t\t\t\t\t\t\t\t\t\t<img fetchpriority=\"high\" decoding=\"async\" width=\"427\" height=\"433\" src=\"https:\/\/www.psicoempatia.com\/app\/uploads\/2024\/02\/esencia-flordebach.jpg\" class=\"attachment-large size-large wp-image-531\" alt=\"\" srcset=\"https:\/\/www.psicoempatia.com\/app\/uploads\/2024\/02\/esencia-flordebach.jpg 427w, https:\/\/www.psicoempatia.com\/app\/uploads\/2024\/02\/esencia-flordebach-296x300.jpg 296w\" sizes=\"(max-width: 427px) 100vw, 427px\" \/>\t\t\t\t\t\t\t\t\t\t\t\t\t\t\t<\/div>\n\t\t\t\t<\/div>\n\t\t\t\t\t<\/div>\n\t\t\t\t<\/div>\n\t\t<div class=\"elementor-element elementor-element-5722f95 e-flex e-con-boxed e-con e-child\" data-id=\"5722f95\" data-element_type=\"container\" data-settings=\"{&quot;content_width&quot;:&quot;boxed&quot;}\">\n\t\t\t\t\t<div class=\"e-con-inner\">\n\t\t\t\t<div class=\"elementor-element elementor-element-5a7bee7 font-type-2 elementor-widget elementor-widget-heading\" data-id=\"5a7bee7\" data-element_type=\"widget\" data-widget_type=\"heading.default\">\n\t\t\t\t<div class=\"elementor-widget-container\">\n\t\t\t<style>\/*! elementor - v3.18.0 - 20-12-2023 *\/\n.elementor-heading-title{padding:0;margin:0;line-height:1}.elementor-widget-heading .elementor-heading-title[class*=elementor-size-]>a{color:inherit;font-size:inherit;line-height:inherit}.elementor-widget-heading .elementor-heading-title.elementor-size-small{font-size:15px}.elementor-widget-heading .elementor-heading-title.elementor-size-medium{font-size:19px}.elementor-widget-heading .elementor-heading-title.elementor-size-large{font-size:29px}.elementor-widget-heading .elementor-heading-title.elementor-size-xl{font-size:39px}.elementor-widget-heading .elementor-heading-title.elementor-size-xxl{font-size:59px}<\/style><h2 class=\"elementor-heading-title elementor-size-default\">Descobreix les Flors de Bach: ess\u00e8ncies naturals que impulsen l'equilibri emocional. <\/h2>\t\t<\/div>\n\t\t\t\t<\/div>\n\t\t\t\t<div class=\"elementor-element elementor-element-57ac051 elementor-widget elementor-widget-text-editor\" data-id=\"57ac051\" data-element_type=\"widget\" data-widget_type=\"text-editor.default\">\n\t\t\t\t<div class=\"elementor-widget-container\">\n\t\t\t<style>\/*! elementor - v3.18.0 - 20-12-2023 *\/\n.elementor-widget-text-editor.elementor-drop-cap-view-stacked .elementor-drop-cap{background-color:#69727d;color:#fff}.elementor-widget-text-editor.elementor-drop-cap-view-framed .elementor-drop-cap{color:#69727d;border:3px solid;background-color:transparent}.elementor-widget-text-editor:not(.elementor-drop-cap-view-default) .elementor-drop-cap{margin-top:8px}.elementor-widget-text-editor:not(.elementor-drop-cap-view-default) .elementor-drop-cap-letter{width:1em;height:1em}.elementor-widget-text-editor .elementor-drop-cap{float:left;text-align:center;line-height:1;font-size:50px}.elementor-widget-text-editor .elementor-drop-cap-letter{display:inline-block}<\/style>\t\t\t\t<p>Amb el suport psicol\u00f2gic, aquesta ter\u00e0pia pot alleujar l&#8217;estr\u00e8s, millorar l&#8217;estat d&#8217;\u00e0nim i proporcionar suport personalitzat.<\/p>\n<p>Les Flors de Bach s\u00f3n ess\u00e8ncies florals naturals que es fan servir en ter\u00e0pia per abordar desequilibris emocionals com l&#8217;ansietat, la por, la tristesa, la falta de confian\u00e7a, la desesperan\u00e7a i molts altres estats emocionals i promoure el benestar psicol\u00f2gic. <\/p>\n<p>Cada flor es relaciona amb emocions espec\u00edfiques o patrons de comportament, ajudant a equilibrar i harmonitzar els aspectes emocionals de la persona.<\/p>\n<p><strong>Les Flors de Bach s\u00f3n un cam\u00ed cap a la pau interior i la felicitat emocional.<\/strong><\/p>\n\t\t\t\t\t\t<\/div>\n\t\t\t\t<\/div>\n\t\t\t\t\t<\/div>\n\t\t\t\t<\/div>\n\t\t\t\t\t<\/div>\n\t\t\t\t<\/div>\n\t\t\t\t\t\t\t<\/div>\n\t\t","protected":false},"excerpt":{"rendered":"<p>Descobreix les Flors de Bach: ess\u00e8ncies naturals que impulsen l&#8217;equilibri emocional. Amb el suport psicol\u00f2gic, aquesta ter\u00e0pia pot alleujar l&#8217;estr\u00e8s, millorar l&#8217;estat d&#8217;\u00e0nim i proporcionar suport personalitzat. Les Flors de&#8230;<\/p>\n","protected":false},"author":1,"featured_media":542,"parent":410,"menu_order":0,"comment_status":"closed","ping_status":"closed","template":"","meta":{"inline_featured_image":false,"footnotes":""},"class_list":["post-504","page","type-page","status-publish","has-post-thumbnail","hentry"],"acf":[],"yoast_head":"<!-- This site is optimized with the Yoast SEO plugin v21.6 - https:\/\/yoast.com\/wordpress\/plugins\/seo\/ -->\n<title>Flors de Bach - Psicoempatia<\/title>\n<meta name=\"robots\" content=\"index, follow, max-snippet:-1, max-image-preview:large, max-video-preview:-1\" \/>\n<link rel=\"canonical\" href=\"https:\/\/www.psicoempatia.com\/ca\/serveis\/terapies-alternatives-i-sensorials-2\/\" \/>\n<meta property=\"og:locale\" content=\"ca_ES\" \/>\n<meta property=\"og:type\" content=\"article\" \/>\n<meta property=\"og:title\" content=\"Flors de Bach - Psicoempatia\" \/>\n<meta property=\"og:description\" content=\"Descobreix les Flors de Bach: ess\u00e8ncies naturals que impulsen l&#8217;equilibri emocional. Amb el suport psicol\u00f2gic, aquesta ter\u00e0pia pot alleujar l&#8217;estr\u00e8s, millorar l&#8217;estat d&#8217;\u00e0nim i proporcionar suport personalitzat. Les Flors de...\" \/>\n<meta property=\"og:url\" content=\"https:\/\/www.psicoempatia.com\/ca\/serveis\/terapies-alternatives-i-sensorials-2\/\" \/>\n<meta property=\"og:site_name\" content=\"Psicoempatia\" \/>\n<meta property=\"article:modified_time\" content=\"2024-02-05T10:39:06+00:00\" \/>\n<meta property=\"og:image\" content=\"https:\/\/www.psicoempatia.com\/app\/uploads\/2024\/02\/banner-floresdebach-1.jpg\" \/>\n\t<meta property=\"og:image:width\" content=\"1440\" \/>\n\t<meta property=\"og:image:height\" content=\"343\" \/>\n\t<meta property=\"og:image:type\" content=\"image\/jpeg\" \/>\n<meta name=\"twitter:card\" content=\"summary_large_image\" \/>\n<meta name=\"twitter:label1\" content=\"Temps estimat de lectura\" \/>\n\t<meta name=\"twitter:data1\" content=\"1 minut\" \/>\n<script type=\"application\/ld+json\" class=\"yoast-schema-graph\">{\"@context\":\"https:\/\/schema.org\",\"@graph\":[{\"@type\":\"WebPage\",\"@id\":\"https:\/\/www.psicoempatia.com\/ca\/serveis\/terapies-alternatives-i-sensorials-2\/\",\"url\":\"https:\/\/www.psicoempatia.com\/ca\/serveis\/terapies-alternatives-i-sensorials-2\/\",\"name\":\"Flors de Bach - Psicoempatia\",\"isPartOf\":{\"@id\":\"https:\/\/www.psicoempatia.com\/ca\/#website\"},\"datePublished\":\"2024-02-05T10:06:33+00:00\",\"dateModified\":\"2024-02-05T10:39:06+00:00\",\"breadcrumb\":{\"@id\":\"https:\/\/www.psicoempatia.com\/ca\/serveis\/terapies-alternatives-i-sensorials-2\/#breadcrumb\"},\"inLanguage\":\"ca\",\"potentialAction\":[{\"@type\":\"ReadAction\",\"target\":[\"https:\/\/www.psicoempatia.com\/ca\/serveis\/terapies-alternatives-i-sensorials-2\/\"]}]},{\"@type\":\"BreadcrumbList\",\"@id\":\"https:\/\/www.psicoempatia.com\/ca\/serveis\/terapies-alternatives-i-sensorials-2\/#breadcrumb\",\"itemListElement\":[{\"@type\":\"ListItem\",\"position\":1,\"name\":\"Serveis\",\"item\":\"https:\/\/www.psicoempatia.com\/ca\/serveis\/\"},{\"@type\":\"ListItem\",\"position\":2,\"name\":\"Flors de Bach\"}]},{\"@type\":\"WebSite\",\"@id\":\"https:\/\/www.psicoempatia.com\/ca\/#website\",\"url\":\"https:\/\/www.psicoempatia.com\/ca\/\",\"name\":\"Psicoempatia\",\"description\":\"\",\"potentialAction\":[{\"@type\":\"SearchAction\",\"target\":{\"@type\":\"EntryPoint\",\"urlTemplate\":\"https:\/\/www.psicoempatia.com\/ca\/?s={search_term_string}\"},\"query-input\":\"required name=search_term_string\"}],\"inLanguage\":\"ca\"}]}<\/script>\n<!-- \/ Yoast SEO plugin. -->","yoast_head_json":{"title":"Flors de Bach - Psicoempatia","robots":{"index":"index","follow":"follow","max-snippet":"max-snippet:-1","max-image-preview":"max-image-preview:large","max-video-preview":"max-video-preview:-1"},"canonical":"https:\/\/www.psicoempatia.com\/ca\/serveis\/terapies-alternatives-i-sensorials-2\/","og_locale":"ca_ES","og_type":"article","og_title":"Flors de Bach - Psicoempatia","og_description":"Descobreix les Flors de Bach: ess\u00e8ncies naturals que impulsen l&#8217;equilibri emocional. Amb el suport psicol\u00f2gic, aquesta ter\u00e0pia pot alleujar l&#8217;estr\u00e8s, millorar l&#8217;estat d&#8217;\u00e0nim i proporcionar suport personalitzat. Les Flors de...","og_url":"https:\/\/www.psicoempatia.com\/ca\/serveis\/terapies-alternatives-i-sensorials-2\/","og_site_name":"Psicoempatia","article_modified_time":"2024-02-05T10:39:06+00:00","og_image":[{"width":1440,"height":343,"url":"https:\/\/www.psicoempatia.com\/app\/uploads\/2024\/02\/banner-floresdebach-1.jpg","type":"image\/jpeg"}],"twitter_card":"summary_large_image","twitter_misc":{"Temps estimat de lectura":"1 minut"},"schema":{"@context":"https:\/\/schema.org","@graph":[{"@type":"WebPage","@id":"https:\/\/www.psicoempatia.com\/ca\/serveis\/terapies-alternatives-i-sensorials-2\/","url":"https:\/\/www.psicoempatia.com\/ca\/serveis\/terapies-alternatives-i-sensorials-2\/","name":"Flors de Bach - Psicoempatia","isPartOf":{"@id":"https:\/\/www.psicoempatia.com\/ca\/#website"},"datePublished":"2024-02-05T10:06:33+00:00","dateModified":"2024-02-05T10:39:06+00:00","breadcrumb":{"@id":"https:\/\/www.psicoempatia.com\/ca\/serveis\/terapies-alternatives-i-sensorials-2\/#breadcrumb"},"inLanguage":"ca","potentialAction":[{"@type":"ReadAction","target":["https:\/\/www.psicoempatia.com\/ca\/serveis\/terapies-alternatives-i-sensorials-2\/"]}]},{"@type":"BreadcrumbList","@id":"https:\/\/www.psicoempatia.com\/ca\/serveis\/terapies-alternatives-i-sensorials-2\/#breadcrumb","itemListElement":[{"@type":"ListItem","position":1,"name":"Serveis","item":"https:\/\/www.psicoempatia.com\/ca\/serveis\/"},{"@type":"ListItem","position":2,"name":"Flors de Bach"}]},{"@type":"WebSite","@id":"https:\/\/www.psicoempatia.com\/ca\/#website","url":"https:\/\/www.psicoempatia.com\/ca\/","name":"Psicoempatia","description":"","potentialAction":[{"@type":"SearchAction","target":{"@type":"EntryPoint","urlTemplate":"https:\/\/www.psicoempatia.com\/ca\/?s={search_term_string}"},"query-input":"required name=search_term_string"}],"inLanguage":"ca"}]}},"_links":{"self":[{"href":"https:\/\/www.psicoempatia.com\/ca\/wp-json\/wp\/v2\/pages\/504","targetHints":{"allow":["GET"]}}],"collection":[{"href":"https:\/\/www.psicoempatia.com\/ca\/wp-json\/wp\/v2\/pages"}],"about":[{"href":"https:\/\/www.psicoempatia.com\/ca\/wp-json\/wp\/v2\/types\/page"}],"author":[{"embeddable":true,"href":"https:\/\/www.psicoempatia.com\/ca\/wp-json\/wp\/v2\/users\/1"}],"replies":[{"embeddable":true,"href":"https:\/\/www.psicoempatia.com\/ca\/wp-json\/wp\/v2\/comments?post=504"}],"version-history":[{"count":9,"href":"https:\/\/www.psicoempatia.com\/ca\/wp-json\/wp\/v2\/pages\/504\/revisions"}],"predecessor-version":[{"id":540,"href":"https:\/\/www.psicoempatia.com\/ca\/wp-json\/wp\/v2\/pages\/504\/revisions\/540"}],"up":[{"embeddable":true,"href":"https:\/\/www.psicoempatia.com\/ca\/wp-json\/wp\/v2\/pages\/410"}],"wp:featuredmedia":[{"embeddable":true,"href":"https:\/\/www.psicoempatia.com\/ca\/wp-json\/wp\/v2\/media\/542"}],"wp:attachment":[{"href":"https:\/\/www.psicoempatia.com\/ca\/wp-json\/wp\/v2\/media?parent=504"}],"curies":[{"name":"wp","href":"https:\/\/api.w.org\/{rel}","templated":true}]}}